{"id":8427,"date":"2018-07-26T07:17:24","date_gmt":"2018-07-26T00:17:24","guid":{"rendered":"https:\/\/thailandfoundation.unit.academy\/about-us\/"},"modified":"2023-03-08T13:35:47","modified_gmt":"2023-03-08T06:35:47","slug":"about-us","status":"publish","type":"page","link":"https:\/\/thailandfoundation.unit.academy\/de\/about-us\/","title":{"rendered":"\u00dcber uns"},"content":{"rendered":"<style>\/*! elementor - v3.10.0 - 09-01-2023 *\/<br \/>.elementor-heading-title{padding:0;margin:0;line-height:1}.elementor-widget-heading .elementor-heading-title[class*=elementor-size-]>a{color:inherit;font-size:inherit;line-height:inherit}.elementor-widget-heading .elementor-heading-title.elementor-size-small{font-size:15px}.elementor-widget-heading .elementor-heading-title.elementor-size-medium{font-size:19px}.elementor-widget-heading .elementor-heading-title.elementor-size-large{font-size:29px}.elementor-widget-heading .elementor-heading-title.elementor-size-xl{font-size:39px}.elementor-widget-heading .elementor-heading-title.elementor-size-xxl{font-size:59px}<\/style>\n<h5>\u00dcber uns<\/h5>\n<style>\/*! elementor - v3.10.0 - 09-01-2023 *\/<br \/>.elementor-widget-divider{--divider-border-style:none;--divider-border-width:1px;--divider-color:#2c2c2c;--divider-icon-size:20px;--divider-element-spacing:10px;--divider-pattern-height:24px;--divider-pattern-size:20px;--divider-pattern-url:none;--divider-pattern-repeat:repeat-x}.elementor-widget-divider .elementor-divider{display:flex}.elementor-widget-divider .elementor-divider__text{font-size:15px;line-height:1;max-width:95%}.elementor-widget-divider .elementor-divider__element{margin:0 var(--divider-element-spacing);flex-shrink:0}.elementor-widget-divider .elementor-icon{font-size:var(--divider-icon-size)}.elementor-widget-divider .elementor-divider-separator{display:flex;margin:0;direction:ltr}.elementor-widget-divider--view-line_icon .elementor-divider-separator,.elementor-widget-divider--view-line_text .elementor-divider-separator{align-items:center}.elementor-widget-divider--view-line_icon .elementor-divider-separator:after,.elementor-widget-divider--view-line_icon .elementor-divider-separator:before,.elementor-widget-divider--view-line_text .elementor-divider-separator:after,.elementor-widget-divider--view-line_text .elementor-divider-separator:before{display:block;content:\"\";border-bottom:0;flex-grow:1;border-top:var(--divider-border-width) var(--divider-border-style) var(--divider-color)}.elementor-widget-divider--element-align-left .elementor-divider .elementor-divider-separator>.elementor-divider__svg:first-of-type{flex-grow:0;flex-shrink:100}.elementor-widget-divider--element-align-left .elementor-divider-separator:before{content:none}.elementor-widget-divider--element-align-left .elementor-divider__element{margin-left:0}.elementor-widget-divider--element-align-right .elementor-divider .elementor-divider-separator>.elementor-divider__svg:last-of-type{flex-grow:0;flex-shrink:100}.elementor-widget-divider--element-align-right .elementor-divider-separator:after{content:none}.elementor-widget-divider--element-align-right .elementor-divider__element{margin-right:0}.elementor-widget-divider:not(.elementor-widget-divider--view-line_text):not(.elementor-widget-divider--view-line_icon) .elementor-divider-separator{border-top:var(--divider-border-width) var(--divider-border-style) var(--divider-color)}.elementor-widget-divider--separator-type-pattern{--divider-border-style:none}.elementor-widget-divider--separator-type-pattern.elementor-widget-divider--view-line .elementor-divider-separator,.elementor-widget-divider--separator-type-pattern:not(.elementor-widget-divider--view-line) .elementor-divider-separator:after,.elementor-widget-divider--separator-type-pattern:not(.elementor-widget-divider--view-line) .elementor-divider-separator:before,.elementor-widget-divider--separator-type-pattern:not([class*=elementor-widget-divider--view]) .elementor-divider-separator{width:100%;min-height:var(--divider-pattern-height);-webkit-mask-size:var(--divider-pattern-size) 100%;mask-size:var(--divider-pattern-size) 100%;-webkit-mask-repeat:var(--divider-pattern-repeat);mask-repeat:var(--divider-pattern-repeat);background-color:var(--divider-color);-webkit-mask-image:var(--divider-pattern-url);mask-image:var(--divider-pattern-url)}.elementor-widget-divider--no-spacing{--divider-pattern-size:auto}.elementor-widget-divider--bg-round{--divider-pattern-repeat:round}.rtl .elementor-widget-divider .elementor-divider__text{direction:rtl}.e-con-inner>.elementor-widget-divider,.e-con>.elementor-widget-divider{width:var(--container-widget-width);--flex-grow:var(--container-widget-flex-grow)}<\/style>\n<h1>Die Thailand Stiftung<\/h1>\n<p>Wir vermitteln weltweit Thaikenntnisse sowie die thail\u00e4ndische Kultur \u00fcber unsere Online-Plattform.<\/p>\n<style>\/*! elementor - v3.10.0 - 09-01-2023 *\/<br \/>.elementor-widget-image{text-align:center}.elementor-widget-image a{display:inline-block}.elementor-widget-image a img[src$=\".svg\"]{width:48px}.elementor-widget-image img{vertical-align:middle;display:inline-block}<\/style>\n<p><img fetchpriority=\"high\" decoding=\"async\" class=\"alignnone wp-image-9824 size-full\" src=\"https:\/\/thailandfoundation.unit.academy\/wp-content\/uploads\/2023\/02\/Group-language.png\" alt=\"\" width=\"1830\" height=\"635\" srcset=\"https:\/\/thailandfoundation.unit.academy\/wp-content\/uploads\/2023\/02\/Group-language.png 1830w, https:\/\/thailandfoundation.unit.academy\/wp-content\/uploads\/2023\/02\/Group-language-300x104.png 300w, https:\/\/thailandfoundation.unit.academy\/wp-content\/uploads\/2023\/02\/Group-language-1024x355.png 1024w, https:\/\/thailandfoundation.unit.academy\/wp-content\/uploads\/2023\/02\/Group-language-768x266.png 768w, https:\/\/thailandfoundation.unit.academy\/wp-content\/uploads\/2023\/02\/Group-language-1536x533.png 1536w, https:\/\/thailandfoundation.unit.academy\/wp-content\/uploads\/2023\/02\/Group-language-1827x634.png 1827w\" sizes=\"(max-width: 1830px) 100vw, 1830px\" \/><\/p>\n<style type=\"text\/css\">.module__cb58032937a61e7cf4cc66dfda93af9f {<br \/>    background: !important; color:#000000;<br \/>}<br \/>.module__cb58032937a61e7cf4cc66dfda93af9f .icon {<br \/>    width:42px;<br \/>}<br \/>.module__cb58032937a61e7cf4cc66dfda93af9f .icon i {<br \/>    font-size: 50px;<br \/>    color: #FBB62587 !important;<br \/>}<br \/>.icon_alignment_top_left .module__cb58032937a61e7cf4cc66dfda93af9f {<br \/>    text-align: left;<br \/>}<br \/>.icon_alignment_top_center .module__cb58032937a61e7cf4cc66dfda93af9f {<br \/>    text-align: center;<br \/>    margin-right: auto;<br \/>    margin-left: auto;<br \/>}<br \/>.icon_alignment_top_right .module__cb58032937a61e7cf4cc66dfda93af9f {<br \/>    text-align: right;<br \/>    margin-right: 0;<br \/>    margin-left: auto;<br \/>}<br \/><\/style>\n<h3 style=\"color: #000000;\">Die Thailand Stiftung<\/h3>\n<p>Die Thailand Foundation bietet Online-Curricula, die die thail\u00e4ndische Sprache in verschiedenen Sprachen vermitteln. Dies erleichtert das Lernen der Sprache und f\u00f6rdert gleichzeitig Kommunikationen zwischen Thail\u00e4nder*innen und Besucher*innen aus der ganzen Welt. Dieses Projekt ist ebenfalls geeignet f\u00fcr alle, die ihre Thaikenntnisse verbessern m\u00f6chten, z. B. Studierende, Gesch\u00e4ftsleute, Diplomat*innen, Reisende sowie Langzeitbesucher*innen. Der Unterricht erfolgt in Form von Videos und e-Book.<\/p>\n<p><!-- align icons --><\/p>\n<style type=\"text\/css\">.module__88046a757237cae5603395f7f485e80b {<br \/>    background: !important; color:#000000;<br \/>}<br \/>.module__88046a757237cae5603395f7f485e80b .icon {<br \/>    width:42px;<br \/>}<br \/>.module__88046a757237cae5603395f7f485e80b .icon i {<br \/>    font-size: 50px;<br \/>    color: #FBB62587 !important;<br \/>}<br \/>.icon_alignment_top_left .module__88046a757237cae5603395f7f485e80b {<br \/>    text-align: left;<br \/>}<br \/>.icon_alignment_top_center .module__88046a757237cae5603395f7f485e80b {<br \/>    text-align: center;<br \/>    margin-right: auto;<br \/>    margin-left: auto;<br \/>}<br \/>.icon_alignment_top_right .module__88046a757237cae5603395f7f485e80b {<br \/>    text-align: right;<br \/>    margin-right: 0;<br \/>    margin-left: auto;<br \/>}<br \/><\/style>\n<h3 style=\"color: #000000;\">Partnerschaft<\/h3>\n<p class=\"p1\">Die Thailand-Stiftung arbeitet mit der Chlualongkorn-Universit\u00e4t, der Mahasarakham-Universit\u00e4t und der Naresuan-Universit\u00e4t zusammen, um den Thai-Online-Unterricht und das Lernmaterial in verschiedenen Hauptsprachen zu erstellen.<\/p>\n<p><!-- align icons --><\/p>\n<p><img decoding=\"async\" class=\"alignnone size-full wp-image-9827\" src=\"https:\/\/thailandfoundation.unit.academy\/wp-content\/uploads\/2023\/02\/img_05.png\" alt=\"\" width=\"507\" height=\"634\" srcset=\"https:\/\/thailandfoundation.unit.academy\/wp-content\/uploads\/2023\/02\/img_05.png 507w, https:\/\/thailandfoundation.unit.academy\/wp-content\/uploads\/2023\/02\/img_05-240x300.png 240w, https:\/\/thailandfoundation.unit.academy\/wp-content\/uploads\/2023\/02\/img_05-506x633.png 506w, https:\/\/thailandfoundation.unit.academy\/wp-content\/uploads\/2023\/02\/img_05-10x12.png 10w\" sizes=\"(max-width: 507px) 100vw, 507px\" \/><\/p>","protected":false},"excerpt":{"rendered":"<p>About us Thailand Foundation Enhance your skills and spread Thai language and culture worldwide via our online platform. Thailand Foundation The Thailand Foundation offers online curricula that teach Thai language by using different languages as media languages. This makes learning the language easier while promoting communications between Thais and visitors from around the world. This [&hellip;]<\/p>","protected":false},"author":1,"featured_media":0,"parent":0,"menu_order":0,"comment_status":"closed","ping_status":"closed","template":"","meta":{"footnotes":""},"class_list":["post-8427","page","type-page","status-publish","hentry"],"yoast_head":"<!-- This site is optimized with the Yoast SEO plugin v25.2 - https:\/\/yoast.com\/wordpress\/plugins\/seo\/ -->\n<title>About Us - Thailand Foundation<\/title>\n<meta name=\"description\" content=\"Thailand Foundation Enhance your skills and spread Thai language and culture worldwide via our online platform.\" \/>\n<meta name=\"robots\" content=\"index, follow, max-snippet:-1, max-image-preview:large, max-video-preview:-1\" \/>\n<link rel=\"canonical\" href=\"https:\/\/thailandfoundation.unit.academy\/de\/about-us\/\" \/>\n<meta property=\"og:locale\" content=\"de_DE\" \/>\n<meta property=\"og:type\" content=\"article\" \/>\n<meta property=\"og:title\" content=\"About Us - Thailand Foundation\" \/>\n<meta property=\"og:description\" content=\"Thailand Foundation Enhance your skills and spread Thai language and culture worldwide via our online platform.\" \/>\n<meta property=\"og:url\" content=\"https:\/\/thailandfoundation.unit.academy\/de\/about-us\/\" \/>\n<meta property=\"og:site_name\" content=\"Thailand Foundation\" \/>\n<meta property=\"article:publisher\" content=\"https:\/\/www.facebook.com\/thailandfoundation\" \/>\n<meta property=\"article:modified_time\" content=\"2023-03-08T06:35:47+00:00\" \/>\n<meta property=\"og:image\" content=\"https:\/\/thailandfoundation.unit.academy\/wp-content\/uploads\/2023\/02\/Group-language.png\" \/>\n<meta name=\"twitter:card\" content=\"summary_large_image\" \/>\n<meta name=\"twitter:site\" content=\"@foundationthai\" \/>\n<meta name=\"twitter:label1\" content=\"Gesch\u00e4tzte Lesezeit\" \/>\n\t<meta name=\"twitter:data1\" content=\"2\u00a0Minuten\" \/>\n<script type=\"application\/ld+json\" class=\"yoast-schema-graph\">{\"@context\":\"https:\/\/schema.org\",\"@graph\":[{\"@type\":\"WebPage\",\"@id\":\"https:\/\/thailandfoundation.unit.academy\/about-us\/\",\"url\":\"https:\/\/thailandfoundation.unit.academy\/about-us\/\",\"name\":\"About Us - Thailand Foundation\",\"isPartOf\":{\"@id\":\"https:\/\/thailandfoundation.unit.academy\/en\/#website\"},\"primaryImageOfPage\":{\"@id\":\"https:\/\/thailandfoundation.unit.academy\/about-us\/#primaryimage\"},\"image\":{\"@id\":\"https:\/\/thailandfoundation.unit.academy\/about-us\/#primaryimage\"},\"thumbnailUrl\":\"https:\/\/thailandfoundation.unit.academy\/wp-content\/uploads\/2023\/02\/Group-language.png\",\"datePublished\":\"2018-07-26T00:17:24+00:00\",\"dateModified\":\"2023-03-08T06:35:47+00:00\",\"description\":\"Thailand Foundation Enhance your skills and spread Thai language and culture worldwide via our online platform.\",\"breadcrumb\":{\"@id\":\"https:\/\/thailandfoundation.unit.academy\/about-us\/#breadcrumb\"},\"inLanguage\":\"de\",\"potentialAction\":[{\"@type\":\"ReadAction\",\"target\":[\"https:\/\/thailandfoundation.unit.academy\/about-us\/\"]}]},{\"@type\":\"ImageObject\",\"inLanguage\":\"de\",\"@id\":\"https:\/\/thailandfoundation.unit.academy\/about-us\/#primaryimage\",\"url\":\"https:\/\/thailandfoundation.unit.academy\/wp-content\/uploads\/2023\/02\/Group-language.png\",\"contentUrl\":\"https:\/\/thailandfoundation.unit.academy\/wp-content\/uploads\/2023\/02\/Group-language.png\"},{\"@type\":\"BreadcrumbList\",\"@id\":\"https:\/\/thailandfoundation.unit.academy\/about-us\/#breadcrumb\",\"itemListElement\":[{\"@type\":\"ListItem\",\"position\":1,\"name\":\"Home\",\"item\":\"https:\/\/thailandfoundation.unit.academy\/\"},{\"@type\":\"ListItem\",\"position\":2,\"name\":\"About Us\"}]},{\"@type\":\"WebSite\",\"@id\":\"https:\/\/thailandfoundation.unit.academy\/en\/#website\",\"url\":\"https:\/\/thailandfoundation.unit.academy\/en\/\",\"name\":\"Thailand Foundation\",\"description\":\"\u0e40\u0e23\u0e35\u0e22\u0e19\u0e23\u0e39\u0e49\u0e44\u0e14\u0e49\u0e15\u0e25\u0e2d\u0e14\u0e40\u0e27\u0e25\u0e32\",\"publisher\":{\"@id\":\"https:\/\/thailandfoundation.unit.academy\/en\/#organization\"},\"potentialAction\":[{\"@type\":\"SearchAction\",\"target\":{\"@type\":\"EntryPoint\",\"urlTemplate\":\"https:\/\/thailandfoundation.unit.academy\/en\/?s={search_term_string}\"},\"query-input\":{\"@type\":\"PropertyValueSpecification\",\"valueRequired\":true,\"valueName\":\"search_term_string\"}}],\"inLanguage\":\"de\"},{\"@type\":\"Organization\",\"@id\":\"https:\/\/thailandfoundation.unit.academy\/en\/#organization\",\"name\":\"Thailand Foundation\",\"url\":\"https:\/\/thailandfoundation.unit.academy\/en\/\",\"logo\":{\"@type\":\"ImageObject\",\"inLanguage\":\"de\",\"@id\":\"https:\/\/thailandfoundation.unit.academy\/en\/#\/schema\/logo\/image\/\",\"url\":\"https:\/\/thailandfoundation.unit.academy\/wp-content\/uploads\/2022\/11\/Logo_EN_NonBg-1.png\",\"contentUrl\":\"https:\/\/thailandfoundation.unit.academy\/wp-content\/uploads\/2022\/11\/Logo_EN_NonBg-1.png\",\"width\":151,\"height\":124,\"caption\":\"Thailand Foundation\"},\"image\":{\"@id\":\"https:\/\/thailandfoundation.unit.academy\/en\/#\/schema\/logo\/image\/\"},\"sameAs\":[\"https:\/\/www.facebook.com\/thailandfoundation\",\"https:\/\/x.com\/foundationthai\",\"https:\/\/www.instagram.com\/thailandfoundation\",\"https:\/\/www.youtube.com\/channel\/UC68jcl0AYVQ1SF19fF9iMkg\",\"https:\/\/www.linkedin.com\/company\/thethailand-foundation\/\"]}]}<\/script>\n<!-- \/ Yoast SEO plugin. -->","yoast_head_json":{"title":"About Us - Thailand Foundation","description":"Thailand Foundation Enhance your skills and spread Thai language and culture worldwide via our online platform.","robots":{"index":"index","follow":"follow","max-snippet":"max-snippet:-1","max-image-preview":"max-image-preview:large","max-video-preview":"max-video-preview:-1"},"canonical":"https:\/\/thailandfoundation.unit.academy\/de\/about-us\/","og_locale":"de_DE","og_type":"article","og_title":"About Us - Thailand Foundation","og_description":"Thailand Foundation Enhance your skills and spread Thai language and culture worldwide via our online platform.","og_url":"https:\/\/thailandfoundation.unit.academy\/de\/about-us\/","og_site_name":"Thailand Foundation","article_publisher":"https:\/\/www.facebook.com\/thailandfoundation","article_modified_time":"2023-03-08T06:35:47+00:00","og_image":[{"url":"https:\/\/thailandfoundation.unit.academy\/wp-content\/uploads\/2023\/02\/Group-language.png","type":"","width":"","height":""}],"twitter_card":"summary_large_image","twitter_site":"@foundationthai","twitter_misc":{"Gesch\u00e4tzte Lesezeit":"2\u00a0Minuten"},"schema":{"@context":"https:\/\/schema.org","@graph":[{"@type":"WebPage","@id":"https:\/\/thailandfoundation.unit.academy\/about-us\/","url":"https:\/\/thailandfoundation.unit.academy\/about-us\/","name":"About Us - Thailand Foundation","isPartOf":{"@id":"https:\/\/thailandfoundation.unit.academy\/en\/#website"},"primaryImageOfPage":{"@id":"https:\/\/thailandfoundation.unit.academy\/about-us\/#primaryimage"},"image":{"@id":"https:\/\/thailandfoundation.unit.academy\/about-us\/#primaryimage"},"thumbnailUrl":"https:\/\/thailandfoundation.unit.academy\/wp-content\/uploads\/2023\/02\/Group-language.png","datePublished":"2018-07-26T00:17:24+00:00","dateModified":"2023-03-08T06:35:47+00:00","description":"Thailand Foundation Enhance your skills and spread Thai language and culture worldwide via our online platform.","breadcrumb":{"@id":"https:\/\/thailandfoundation.unit.academy\/about-us\/#breadcrumb"},"inLanguage":"de","potentialAction":[{"@type":"ReadAction","target":["https:\/\/thailandfoundation.unit.academy\/about-us\/"]}]},{"@type":"ImageObject","inLanguage":"de","@id":"https:\/\/thailandfoundation.unit.academy\/about-us\/#primaryimage","url":"https:\/\/thailandfoundation.unit.academy\/wp-content\/uploads\/2023\/02\/Group-language.png","contentUrl":"https:\/\/thailandfoundation.unit.academy\/wp-content\/uploads\/2023\/02\/Group-language.png"},{"@type":"BreadcrumbList","@id":"https:\/\/thailandfoundation.unit.academy\/about-us\/#breadcrumb","itemListElement":[{"@type":"ListItem","position":1,"name":"Home","item":"https:\/\/thailandfoundation.unit.academy\/"},{"@type":"ListItem","position":2,"name":"About Us"}]},{"@type":"WebSite","@id":"https:\/\/thailandfoundation.unit.academy\/en\/#website","url":"https:\/\/thailandfoundation.unit.academy\/en\/","name":"Die Thailand Stiftung","description":"\u0e40\u0e23\u0e35\u0e22\u0e19\u0e23\u0e39\u0e49\u0e44\u0e14\u0e49\u0e15\u0e25\u0e2d\u0e14\u0e40\u0e27\u0e25\u0e32","publisher":{"@id":"https:\/\/thailandfoundation.unit.academy\/en\/#organization"},"potentialAction":[{"@type":"SearchAction","target":{"@type":"EntryPoint","urlTemplate":"https:\/\/thailandfoundation.unit.academy\/en\/?s={search_term_string}"},"query-input":{"@type":"PropertyValueSpecification","valueRequired":true,"valueName":"search_term_string"}}],"inLanguage":"de"},{"@type":"Organization","@id":"https:\/\/thailandfoundation.unit.academy\/en\/#organization","name":"Die Thailand Stiftung","url":"https:\/\/thailandfoundation.unit.academy\/en\/","logo":{"@type":"ImageObject","inLanguage":"de","@id":"https:\/\/thailandfoundation.unit.academy\/en\/#\/schema\/logo\/image\/","url":"https:\/\/thailandfoundation.unit.academy\/wp-content\/uploads\/2022\/11\/Logo_EN_NonBg-1.png","contentUrl":"https:\/\/thailandfoundation.unit.academy\/wp-content\/uploads\/2022\/11\/Logo_EN_NonBg-1.png","width":151,"height":124,"caption":"Thailand Foundation"},"image":{"@id":"https:\/\/thailandfoundation.unit.academy\/en\/#\/schema\/logo\/image\/"},"sameAs":["https:\/\/www.facebook.com\/thailandfoundation","https:\/\/x.com\/foundationthai","https:\/\/www.instagram.com\/thailandfoundation","https:\/\/www.youtube.com\/channel\/UC68jcl0AYVQ1SF19fF9iMkg","https:\/\/www.linkedin.com\/company\/thethailand-foundation\/"]}]}},"_links":{"self":[{"href":"https:\/\/thailandfoundation.unit.academy\/de\/wp-json\/wp\/v2\/pages\/8427","targetHints":{"allow":["GET"]}}],"collection":[{"href":"https:\/\/thailandfoundation.unit.academy\/de\/wp-json\/wp\/v2\/pages"}],"about":[{"href":"https:\/\/thailandfoundation.unit.academy\/de\/wp-json\/wp\/v2\/types\/page"}],"author":[{"embeddable":true,"href":"https:\/\/thailandfoundation.unit.academy\/de\/wp-json\/wp\/v2\/users\/1"}],"replies":[{"embeddable":true,"href":"https:\/\/thailandfoundation.unit.academy\/de\/wp-json\/wp\/v2\/comments?post=8427"}],"version-history":[{"count":0,"href":"https:\/\/thailandfoundation.unit.academy\/de\/wp-json\/wp\/v2\/pages\/8427\/revisions"}],"wp:attachment":[{"href":"https:\/\/thailandfoundation.unit.academy\/de\/wp-json\/wp\/v2\/media?parent=8427"}],"curies":[{"name":"wp","href":"https:\/\/api.w.org\/{rel}","templated":true}]}}